{"id":717,"date":"2022-02-20T08:28:45","date_gmt":"2022-02-20T08:28:45","guid":{"rendered":"https:\/\/demo.creativethemes.com\/stagingthree\/?page_id=717"},"modified":"2022-08-05T11:57:30","modified_gmt":"2022-08-05T10:57:30","slug":"projects","status":"publish","type":"page","link":"https:\/\/connexion-nde-uk.org\/?page_id=717","title":{"rendered":"Projects"},"content":{"rendered":"\n<div class=\"wp-block-stackable-spacer stk-block-spacer stk--no-padding stk-block stk-6090630\" data-block-id=\"6090630\"><style>.stk-6090630{height:123px !important}@media screen and (max-width:1023px){.stk-6090630{height:80px !important}}<\/style><\/div>\n\n\n\n<div class=\"wp-block-stackable-columns aligncenter stk-block-columns stk-block stk-51b7e7a\" data-block-id=\"51b7e7a\"><style>.stk-51b7e7a{margin-bottom:0px !important}.stk-51b7e7a-column{--stk-column-gap:35px !important;row-gap:70px !important}<\/style><div class=\"stk-row stk-inner-blocks stk-block-content stk-content-align stk-51b7e7a-column\">\n<div class=\"wp-block-stackable-column stk-block-column stk-column stk-block stk-47ff57d\" data-block-id=\"47ff57d\"><style>@media screen and (max-width:767px){.stk-47ff57d{flex:0 1 calc(100% - var(--stk-column-gap,0px) * 0 \/ 1 ) !important}}.stk-47ff57d-container{margin-top:0px !important;margin-right:0px !important;margin-bottom:0px !important;margin-left:0px !important}<\/style><div class=\"stk-column-wrapper stk-block-column__content stk-container stk-47ff57d-container stk--no-background stk--no-padding\"><div class=\"stk-block-content stk-inner-blocks\">\n<div class=\"wp-block-stackable-image stk-block-image stk-block stk-d01ca8f\" data-block-id=\"d01ca8f\"><style>.stk-d01ca8f{margin-bottom:40px !important}<\/style><figure class=\"stk-img-wrapper stk-image--shape-stretch\"><img loading=\"lazy\" decoding=\"async\" class=\"stk-img wp-image-1021\" src=\"https:\/\/connexion-nde-uk.org\/wp-content\/uploads\/2020\/07\/Remise-Fourniture2.jpeg\" width=\"1006\" height=\"746\" srcset=\"https:\/\/connexion-nde-uk.org\/wp-content\/uploads\/2020\/07\/Remise-Fourniture2.jpeg 1006w, https:\/\/connexion-nde-uk.org\/wp-content\/uploads\/2020\/07\/Remise-Fourniture2-300x222.jpeg 300w, https:\/\/connexion-nde-uk.org\/wp-content\/uploads\/2020\/07\/Remise-Fourniture2-768x570.jpeg 768w\" sizes=\"auto, (max-width: 1006px) 100vw, 1006px\" \/><\/figure><\/div>\n\n\n\n<div class=\"wp-block-stackable-heading stk-block-heading stk-block stk-0e319cf\" id=\"distribution-of-school-supplies-to-nde-students\" data-block-id=\"0e319cf\"><style>.stk-0e319cf{padding-top:0px !important;padding-right:0px !important;padding-bottom:0px !important;padding-left:0px !important;margin-bottom:10px !important}.stk-0e319cf .stk-block-heading__text{font-size:23px !important;margin:0 !important}@media screen and (max-width:1023px){.stk-0e319cf .stk-block-heading__text{font-size:23px !important}}<\/style><h4 class=\"stk-block-heading__text has-text-align-center\">Distribution of school supplies to Nd\u00e9 students<\/h4><\/div>\n\n\n\n<div class=\"wp-block-stackable-button-group stk-block-button-group stk-block stk-60bca92\" data-block-id=\"60bca92\"><div class=\"stk-row stk-inner-blocks has-text-align-center stk-block-content stk-button-group\">\n<div class=\"wp-block-stackable-button stk-block-button stk-block stk-a2a960e\" data-block-id=\"a2a960e\"><style>.stk-a2a960e .stk-button{padding-top:12px !important;padding-right:30px !important;padding-bottom:12px !important;padding-left:30px !important}.stk-a2a960e .stk-button{border-radius:3px !important}.stk-a2a960e .stk-button__inner-text{font-size:1.15em !important;color:var(--paletteColor4,#111518) !important}@media screen and (max-width:1023px){.stk-a2a960e .stk-button__inner-text{font-size:1.15em !important}}<\/style><a class=\"stk-link stk-button stk--hover-effect-darken\" href=\"https:\/\/connexion-nde-uk.org\/?p=386\"><span class=\"has-text-color has-palette-color-4-color stk-button__inner-text\"><span style=\"color: var(--paletteColor8, #ffffff);\" class=\"stk-highlight\"><strong>Learn more<\/strong><\/span><\/span><\/a><\/div>\n<\/div><\/div>\n<\/div><\/div><\/div>\n\n\n\n<div class=\"wp-block-stackable-column stk-block-column stk-column stk-block stk-c942e82\" data-block-id=\"c942e82\"><style>@media screen and (max-width:767px){.stk-c942e82{flex:0 1 calc(100% - var(--stk-column-gap,0px) * 0 \/ 1 ) !important}}.stk-c942e82-container{margin-top:0px !important;margin-right:0px !important;margin-bottom:0px !important;margin-left:0px !important}<\/style><div class=\"stk-column-wrapper stk-block-column__content stk-container stk-c942e82-container stk--no-background stk--no-padding\"><div class=\"stk-block-content stk-inner-blocks\">\n<div class=\"wp-block-stackable-image stk-block-image stk-block stk-1d9fce3\" data-block-id=\"1d9fce3\"><style>.stk-1d9fce3{margin-bottom:40px !important}<\/style><figure class=\"stk-img-wrapper stk-image--shape-stretch\"><img loading=\"lazy\" decoding=\"async\" class=\"stk-img wp-image-1044\" src=\"https:\/\/connexion-nde-uk.org\/wp-content\/uploads\/2022\/07\/Ingrid-Food-Cooking-e1657524234757.jpg\" width=\"975\" height=\"750\" srcset=\"https:\/\/connexion-nde-uk.org\/wp-content\/uploads\/2022\/07\/Ingrid-Food-Cooking-e1657524234757.jpg 975w, https:\/\/connexion-nde-uk.org\/wp-content\/uploads\/2022\/07\/Ingrid-Food-Cooking-e1657524234757-300x231.jpg 300w, https:\/\/connexion-nde-uk.org\/wp-content\/uploads\/2022\/07\/Ingrid-Food-Cooking-e1657524234757-768x591.jpg 768w\" sizes=\"auto, (max-width: 975px) 100vw, 975px\" \/><\/figure><\/div>\n\n\n\n<div class=\"wp-block-stackable-heading stk-block-heading stk-block stk-8ba3cf0\" id=\"festival-of-flavors-and-scents-of-the-nde-on-the-banks-of-the-thames\" data-block-id=\"8ba3cf0\"><style>.stk-8ba3cf0{padding-top:0px !important;padding-right:0px !important;padding-bottom:0px !important;padding-left:0px !important;margin-bottom:15px !important}.stk-8ba3cf0 .stk-block-heading__text{font-size:18px !important;margin:0 !important}@media screen and (max-width:1023px){.stk-8ba3cf0 .stk-block-heading__text{font-size:18px !important}}<\/style><h1 class=\"stk-block-heading__text has-text-align-center\">FESTIVAL OF FLAVORS AND SCENTS OF THE ND\u00c9 ON THE BANKS OF THE THAMES<\/h1><\/div>\n\n\n\n<div class=\"wp-block-stackable-button-group stk-block-button-group stk-block stk-79271fa\" data-block-id=\"79271fa\"><div class=\"stk-row stk-inner-blocks has-text-align-center stk-block-content stk-button-group\">\n<div class=\"wp-block-stackable-button stk-block-button stk-block stk-042c323\" data-block-id=\"042c323\"><style>.stk-042c323 .stk-button{padding-top:12px !important;padding-right:30px !important;padding-bottom:12px !important;padding-left:30px !important}.stk-042c323 .stk-button{border-radius:3px !important}.stk-042c323 .stk-button__inner-text{font-size:1.15em !important;color:var(--paletteColor4,#111518) !important}@media screen and (max-width:1023px){.stk-042c323 .stk-button__inner-text{font-size:1.15em !important}}<\/style><a class=\"stk-link stk-button stk--hover-effect-darken\" href=\"https:\/\/connexion-nde-uk.org\/?p=115\"><span class=\"has-text-color has-palette-color-4-color stk-button__inner-text\"><span style=\"color: var(--paletteColor8, #ffffff);\" class=\"stk-highlight\"><strong>Learn more<\/strong><\/span><\/span><\/a><\/div>\n<\/div><\/div>\n<\/div><\/div><\/div>\n\n\n\n<div class=\"wp-block-stackable-column stk-block-column stk-column stk-block stk-699d2f5\" data-block-id=\"699d2f5\"><style>@media screen and (max-width:767px){.stk-699d2f5{flex:0 1 calc(100% - var(--stk-column-gap,0px) * 0 \/ 1 ) !important}}.stk-699d2f5-container{margin-top:0px !important;margin-right:0px !important;margin-bottom:0px !important;margin-left:0px !important}<\/style><div class=\"stk-column-wrapper stk-block-column__content stk-container stk-699d2f5-container stk--no-background stk--no-padding\"><div class=\"stk-block-content stk-inner-blocks\">\n<div class=\"wp-block-stackable-image stk-block-image stk-block stk-fa047b0\" data-block-id=\"fa047b0\"><style>.stk-fa047b0{margin-bottom:40px !important}<\/style><figure class=\"stk-img-wrapper stk-image--shape-stretch\"><img loading=\"lazy\" decoding=\"async\" class=\"stk-img wp-image-1110\" src=\"https:\/\/connexion-nde-uk.org\/wp-content\/uploads\/2020\/06\/culture.jpeg\" width=\"2016\" height=\"1512\" srcset=\"https:\/\/connexion-nde-uk.org\/wp-content\/uploads\/2020\/06\/culture.jpeg 2016w, https:\/\/connexion-nde-uk.org\/wp-content\/uploads\/2020\/06\/culture-300x225.jpeg 300w, https:\/\/connexion-nde-uk.org\/wp-content\/uploads\/2020\/06\/culture-1024x768.jpeg 1024w, https:\/\/connexion-nde-uk.org\/wp-content\/uploads\/2020\/06\/culture-768x576.jpeg 768w, https:\/\/connexion-nde-uk.org\/wp-content\/uploads\/2020\/06\/culture-1536x1152.jpeg 1536w\" sizes=\"auto, (max-width: 2016px) 100vw, 2016px\" \/><\/figure><\/div>\n\n\n\n<div class=\"wp-block-stackable-heading stk-block-heading stk-block stk-996b1bd\" id=\"cultures-du-monde-sortie-tres-remarquee-de-connexion-nde\" data-block-id=\"996b1bd\"><style>.stk-996b1bd{padding-top:0px !important;padding-right:0px !important;padding-bottom:0px !important;padding-left:0px !important;margin-bottom:10px !important}.stk-996b1bd .stk-block-heading__text{font-size:23px !important;margin:0 !important}@media screen and (max-width:1023px){.stk-996b1bd .stk-block-heading__text{font-size:23px !important}}<\/style><h4 class=\"stk-block-heading__text has-text-align-center\">Cultures du Monde: Sortie tr\u00e8s remarqu\u00e9e de Connexion Nd\u00e9<\/h4><\/div>\n\n\n\n<div class=\"wp-block-stackable-button-group stk-block-button-group stk-block stk-40da5b7\" data-block-id=\"40da5b7\"><div class=\"stk-row stk-inner-blocks has-text-align-center stk-block-content stk-button-group\">\n<div class=\"wp-block-stackable-button stk-block-button stk-block stk-c70f4b9\" data-block-id=\"c70f4b9\"><style>.stk-c70f4b9 .stk-button{padding-top:12px !important;padding-right:30px !important;padding-bottom:12px !important;padding-left:30px !important}.stk-c70f4b9 .stk-button{border-radius:3px !important}.stk-c70f4b9 .stk-button__inner-text{font-size:1.15em !important;color:var(--paletteColor4,#111518) !important}@media screen and (max-width:1023px){.stk-c70f4b9 .stk-button__inner-text{font-size:1.15em !important}}<\/style><a class=\"stk-link stk-button stk--hover-effect-darken\" href=\"https:\/\/connexion-nde-uk.org\/?p=1\"><span class=\"has-text-color has-palette-color-4-color stk-button__inner-text\"><strong><span style=\"color: var(--paletteColor8, #ffffff);\" class=\"stk-highlight\">Learn more<\/span><\/strong><\/span><\/a><\/div>\n<\/div><\/div>\n<\/div><\/div><\/div>\n<\/div><\/div>\n\n\n\n<div class=\"wp-block-stackable-spacer stk-block-spacer stk--no-padding stk-block stk-448670c\" data-block-id=\"448670c\"><style>.stk-448670c{height:130px !important}@media screen and (max-width:1023px){.stk-448670c{height:80px !important}}<\/style><\/div>\n\n\n\n<div class=\"wp-block-stackable-columns alignfull stk-block-columns stk-block stk-29e621f stk-block-background stk--has-background-overlay\" data-block-id=\"29e621f\"><style>.stk-29e621f .stk--block-align-29e621f{align-items:center !important}.stk-29e621f{background-color:#000000 !important;background-image:url(https:\/\/connexion-nde-uk.org\/wp-content\/uploads\/2022\/08\/depositphotos_281989260-stock-photo-group-of-happy-african-volunteers.webp) !important}.stk-29e621f:before{background-color:#000000 !important;opacity:0.3 !important}.stk-29e621f{padding-top:150px !important;padding-bottom:150px !important;margin-right:auto !important;margin-bottom:0px !important;margin-left:auto !important}@media screen and (max-width:1023px){.stk-29e621f{padding-top:100px !important;padding-bottom:100px !important}}.stk-29e621f-column{--stk-column-gap:35px !important}<\/style><div class=\"stk-row stk-inner-blocks stk--block-align-29e621f stk-block-content stk-content-align stk-29e621f-column\">\n<div class=\"wp-block-stackable-column stk-block-column stk-column stk-block stk-e7cb4b7\" data-block-id=\"e7cb4b7\"><style>.stk-e7cb4b7{margin-right:auto !important;margin-left:auto !important}@media screen and (min-width:768px) and (max-width:1023px){.stk-e7cb4b7{flex:0 1 calc(100% - var(--stk-column-gap,0px) * 0 \/ 1 ) !important}}.stk-e7cb4b7-container{margin-top:0px !important;margin-right:0px !important;margin-bottom:0px !important;margin-left:0px !important}<\/style><div class=\"stk-column-wrapper stk-block-column__content stk-container stk-e7cb4b7-container stk--no-background stk--no-padding\"><div class=\"stk-block-content stk-inner-blocks\">\n<div class=\"wp-block-stackable-text stk-block-text stk-block stk-483b83e\" data-block-id=\"483b83e\"><style>.stk-483b83e{margin-bottom:10px !important}.stk-483b83e .stk-block-text__text{color:var(--paletteColor5,#edeff2) !important}<\/style><p class=\"stk-block-text__text has-text-color has-palette-color-5-color has-text-align-center-mobile\"><strong>Become a volunteer<\/strong><\/p><\/div>\n\n\n\n<div class=\"wp-block-stackable-divider is-style-bar stk-block-divider stk--hide-mobile has-text-align-left stk-block stk-dcead3d\" data-block-id=\"dcead3d\"><style>.stk-dcead3d{margin-bottom:15px !important}.stk-dcead3d hr.stk-block-divider__hr{background:var(--paletteColor1,#ffcd05) !important;border-radius:calc(4px \/ 2) !important;height:4px !important;width:17% !important}<\/style><hr class=\"stk-block-divider__hr\"\/><\/div>\n\n\n\n<div class=\"wp-block-stackable-heading stk-block-heading stk-block stk-3f23230\" id=\"join-us-for-a-better-life-and-beautiful-future\" data-block-id=\"3f23230\"><style>.stk-3f23230{margin-bottom:20px !important}.stk-3f23230 .stk-block-heading__text{font-size:50px !important;margin:0 !important;color:var(--paletteColor8,#ffffff) !important;line-height:1.2em !important}@media screen and (max-width:1023px){.stk-3f23230 .stk-block-heading__text{font-size:40px !important}}<\/style><h2 class=\"stk-block-heading__text has-text-color has-palette-color-8-color has-text-align-center-mobile\">Join us for a better life and beautiful future<\/h2><\/div>\n\n\n\n<div class=\"wp-block-stackable-text stk-block-text stk-block stk-35e8da2\" data-block-id=\"35e8da2\"><style>.stk-35e8da2{margin-bottom:40px !important}.stk-35e8da2 .stk-block-text__text{color:var(--paletteColor5,#edeff2) !important}<\/style><p class=\"stk-block-text__text has-text-color has-palette-color-5-color has-text-align-center-mobile\">Connextion NDE can&#8217;t be a group that does nothing. We want to be a place where all the good energy that comes from the people of NDE can come together. Help us build a better future for our NDE children by joining us.<\/p><\/div>\n\n\n\n<div class=\"wp-block-stackable-button-group stk-block-button-group stk-block stk-c284ad5\" data-block-id=\"c284ad5\"><div class=\"stk-row stk-inner-blocks has-text-align-center-mobile stk-block-content stk-button-group\">\n<div class=\"wp-block-stackable-button stk-block-button stk-block stk-b7dc3fa\" data-block-id=\"b7dc3fa\"><style>.stk-b7dc3fa .stk-button{padding-top:12px !important;padding-right:30px !important;padding-bottom:12px !important;padding-left:30px !important}.stk-b7dc3fa .stk-button{border-radius:9px !important}.stk-b7dc3fa .stk-button__inner-text{font-size:1.15em !important;color:var(--paletteColor4,#111518) !important}@media screen and (max-width:1023px){.stk-b7dc3fa .stk-button__inner-text{font-size:1.15em !important}}<\/style><a class=\"stk-link stk-button stk--hover-effect-darken\" href=\"https:\/\/connexion-nde-uk.org\/?page_id=658\"><span class=\"has-text-color has-palette-color-4-color stk-button__inner-text\"><strong><span style=\"color: var(--paletteColor8, #ffffff);\" class=\"stk-highlight\">Contact<\/span><\/strong><\/span><\/a><\/div>\n<\/div><\/div>\n<\/div><\/div><\/div>\n\n\n\n<div class=\"wp-block-stackable-column stk-block-column stk-column stk-block stk-305ef1b\" data-block-id=\"305ef1b\"><style>.stk-305ef1b{margin-right:auto !important;margin-left:auto !important}@media screen and (min-width:768px) and (max-width:1023px){.stk-305ef1b{flex:0 1 calc(50% - var(--stk-column-gap,0px) * 0 \/ 1 ) !important}}.stk-305ef1b-container{margin-top:0px !important;margin-right:0px !important;margin-bottom:0px !important;margin-left:0px !important}<\/style><div class=\"stk-column-wrapper stk-block-column__content stk-container stk-305ef1b-container stk--no-background stk--no-padding\"><div class=\"stk-block-content stk-inner-blocks\"><\/div><\/div><\/div>\n<\/div><\/div>\n","protected":false},"excerpt":{"rendered":"<p>Distribution of school supplies to Nd\u00e9 students Learn more FESTIVAL OF FLAVORS AND SCENTS OF THE ND\u00c9 ON THE BANKS OF THE THAMES Learn more Cultures du Monde: Sortie tr\u00e8s remarqu\u00e9e de Connexion Nd\u00e9 Learn more Become a volunteer Join us for a better life and beautiful future Connextion NDE can&#8217;t be a group that does nothing. We want to be a place where all the good energy that comes from the people of NDE can come together. Help us build a better future for our NDE children by joining us. Contact<\/p>\n","protected":false},"author":1,"featured_media":1171,"parent":0,"menu_order":0,"comment_status":"closed","ping_status":"closed","template":"","meta":{"footnotes":""},"class_list":["post-717","page","type-page","status-publish","has-post-thumbnail","hentry"],"blocksy_meta":{"styles_descriptor":{"styles":{"desktop":"","tablet":"","mobile":""},"google_fonts":[],"version":5}},"featured_image_urls":{"full":["https:\/\/connexion-nde-uk.org\/wp-content\/uploads\/2022\/08\/20200623-RDC-une-hybridation-solaire-pour-alimenter-en-continu-plus-de-80-000-personnes-en-eau-potable-mini2.jpg",800,600,false],"thumbnail":["https:\/\/connexion-nde-uk.org\/wp-content\/uploads\/2022\/08\/20200623-RDC-une-hybridation-solaire-pour-alimenter-en-continu-plus-de-80-000-personnes-en-eau-potable-mini2-150x150.jpg",150,150,true],"medium":["https:\/\/connexion-nde-uk.org\/wp-content\/uploads\/2022\/08\/20200623-RDC-une-hybridation-solaire-pour-alimenter-en-continu-plus-de-80-000-personnes-en-eau-potable-mini2-300x225.jpg",300,225,true],"medium_large":["https:\/\/connexion-nde-uk.org\/wp-content\/uploads\/2022\/08\/20200623-RDC-une-hybridation-solaire-pour-alimenter-en-continu-plus-de-80-000-personnes-en-eau-potable-mini2-768x576.jpg",768,576,true],"large":["https:\/\/connexion-nde-uk.org\/wp-content\/uploads\/2022\/08\/20200623-RDC-une-hybridation-solaire-pour-alimenter-en-continu-plus-de-80-000-personnes-en-eau-potable-mini2.jpg",800,600,false],"1536x1536":["https:\/\/connexion-nde-uk.org\/wp-content\/uploads\/2022\/08\/20200623-RDC-une-hybridation-solaire-pour-alimenter-en-continu-plus-de-80-000-personnes-en-eau-potable-mini2.jpg",800,600,false],"2048x2048":["https:\/\/connexion-nde-uk.org\/wp-content\/uploads\/2022\/08\/20200623-RDC-une-hybridation-solaire-pour-alimenter-en-continu-plus-de-80-000-personnes-en-eau-potable-mini2.jpg",800,600,false]},"post_excerpt_stackable":"<p>Distribution of school supplies to Nd\u00e9 students Learn more FESTIVAL OF FLAVORS AND SCENTS OF THE ND\u00c9 ON THE BANKS OF THE THAMES Learn more Cultures du Monde: Sortie tr\u00e8s remarqu\u00e9e de Connexion Nd\u00e9 Learn more Become a volunteer Join us for a better life and beautiful future Connextion NDE can&#8217;t be a group that does nothing. We want to be a place where all the good energy that comes from the people of NDE can come together. Help us build a better future for our NDE children by joining us. Contact<\/p>\n","category_list":"","author_info":{"name":"ouamboh@gmail.com","url":"https:\/\/connexion-nde-uk.org\/?author=1"},"comments_num":"0 comments","featured_image_urls_v2":{"full":["https:\/\/connexion-nde-uk.org\/wp-content\/uploads\/2022\/08\/20200623-RDC-une-hybridation-solaire-pour-alimenter-en-continu-plus-de-80-000-personnes-en-eau-potable-mini2.jpg",800,600,false],"thumbnail":["https:\/\/connexion-nde-uk.org\/wp-content\/uploads\/2022\/08\/20200623-RDC-une-hybridation-solaire-pour-alimenter-en-continu-plus-de-80-000-personnes-en-eau-potable-mini2-150x150.jpg",150,150,true],"medium":["https:\/\/connexion-nde-uk.org\/wp-content\/uploads\/2022\/08\/20200623-RDC-une-hybridation-solaire-pour-alimenter-en-continu-plus-de-80-000-personnes-en-eau-potable-mini2-300x225.jpg",300,225,true],"medium_large":["https:\/\/connexion-nde-uk.org\/wp-content\/uploads\/2022\/08\/20200623-RDC-une-hybridation-solaire-pour-alimenter-en-continu-plus-de-80-000-personnes-en-eau-potable-mini2-768x576.jpg",768,576,true],"large":["https:\/\/connexion-nde-uk.org\/wp-content\/uploads\/2022\/08\/20200623-RDC-une-hybridation-solaire-pour-alimenter-en-continu-plus-de-80-000-personnes-en-eau-potable-mini2.jpg",800,600,false],"1536x1536":["https:\/\/connexion-nde-uk.org\/wp-content\/uploads\/2022\/08\/20200623-RDC-une-hybridation-solaire-pour-alimenter-en-continu-plus-de-80-000-personnes-en-eau-potable-mini2.jpg",800,600,false],"2048x2048":["https:\/\/connexion-nde-uk.org\/wp-content\/uploads\/2022\/08\/20200623-RDC-une-hybridation-solaire-pour-alimenter-en-continu-plus-de-80-000-personnes-en-eau-potable-mini2.jpg",800,600,false]},"post_excerpt_stackable_v2":"<p>Distribution of school supplies to Nd\u00e9 students Learn more FESTIVAL OF FLAVORS AND SCENTS OF THE ND\u00c9 ON THE BANKS OF THE THAMES Learn more Cultures du Monde: Sortie tr\u00e8s remarqu\u00e9e de Connexion Nd\u00e9 Learn more Become a volunteer Join us for a better life and beautiful future Connextion NDE can&#8217;t be a group that does nothing. We want to be a place where all the good energy that comes from the people of NDE can come together. Help us build a better future for our NDE children by joining us. Contact<\/p>\n","category_list_v2":"","author_info_v2":{"name":"ouamboh@gmail.com","url":"https:\/\/connexion-nde-uk.org\/?author=1"},"comments_num_v2":"0 comments","_links":{"self":[{"href":"https:\/\/connexion-nde-uk.org\/index.php?rest_route=\/wp\/v2\/pages\/717","targetHints":{"allow":["GET"]}}],"collection":[{"href":"https:\/\/connexion-nde-uk.org\/index.php?rest_route=\/wp\/v2\/pages"}],"about":[{"href":"https:\/\/connexion-nde-uk.org\/index.php?rest_route=\/wp\/v2\/types\/page"}],"author":[{"embeddable":true,"href":"https:\/\/connexion-nde-uk.org\/index.php?rest_route=\/wp\/v2\/users\/1"}],"replies":[{"embeddable":true,"href":"https:\/\/connexion-nde-uk.org\/index.php?rest_route=%2Fwp%2Fv2%2Fcomments&post=717"}],"version-history":[{"count":22,"href":"https:\/\/connexion-nde-uk.org\/index.php?rest_route=\/wp\/v2\/pages\/717\/revisions"}],"predecessor-version":[{"id":1283,"href":"https:\/\/connexion-nde-uk.org\/index.php?rest_route=\/wp\/v2\/pages\/717\/revisions\/1283"}],"wp:featuredmedia":[{"embeddable":true,"href":"https:\/\/connexion-nde-uk.org\/index.php?rest_route=\/wp\/v2\/media\/1171"}],"wp:attachment":[{"href":"https:\/\/connexion-nde-uk.org\/index.php?rest_route=%2Fwp%2Fv2%2Fmedia&parent=717"}],"curies":[{"name":"wp","href":"https:\/\/api.w.org\/{rel}","templated":true}]}}